{"id":1373,"date":"2024-12-20T11:04:00","date_gmt":"2024-12-20T08:04:00","guid":{"rendered":"https:\/\/hedo.ee\/?page_id=1373"},"modified":"2025-10-01T16:30:05","modified_gmt":"2025-10-01T13:30:05","slug":"wir-suchen-menschen","status":"publish","type":"page","link":"https:\/\/hedo.ee\/de\/wir-suchen-menschen\/","title":{"rendered":"Wir suchen Menschen"},"content":{"rendered":"<p>[et_pb_section fb_built=&#8220;1&#8243; fullwidth=&#8220;on&#8220; admin_label=&#8220;section&#8220; _builder_version=&#8220;4.16&#8243; custom_padding=&#8220;0px|0px|44px|0px&#8220; global_colors_info=&#8220;{}&#8220;][et_pb_fullwidth_slider show_arrows=&#8220;off&#8220; show_pagination=&#8220;off&#8220; _builder_version=&#8220;4.27.4&#8243; header_font=&#8220;|on|||&#8220; header_font_size=&#8220;100&#8243; custom_padding=&#8220;|||&#8220; custom_padding_tablet=&#8220;|||&#8220; custom_padding_phone=&#8220;|||&#8220; auto=&#8220;on&#8220; header_font_size_tablet=&#8220;80px&#8220; header_font_size_phone=&#8220;50px&#8220; header_font_size_last_edited=&#8220;on|phone&#8220; box_shadow_style=&#8220;preset6&#8243; box_shadow_blur=&#8220;10px&#8220; box_shadow_color=&#8220;rgba(0,0,0,0.1)&#8220; show_inner_shadow=&#8220;on&#8220; global_colors_info=&#8220;{}&#8220; button_text_size__hover_enabled=&#8220;off&#8220; button_text_size__hover=&#8220;null&#8220; button_one_text_size__hover_enabled=&#8220;off&#8220; button_one_text_size__hover=&#8220;null&#8220; button_two_text_size__hover_enabled=&#8220;off&#8220; button_two_text_size__hover=&#8220;null&#8220; button_text_color__hover_enabled=&#8220;off&#8220; button_text_color__hover=&#8220;null&#8220; button_one_text_color__hover_enabled=&#8220;off&#8220; button_one_text_color__hover=&#8220;null&#8220; button_two_text_color__hover_enabled=&#8220;off&#8220; button_two_text_color__hover=&#8220;null&#8220; button_border_width__hover_enabled=&#8220;off&#8220; button_border_width__hover=&#8220;null&#8220; button_one_border_width__hover_enabled=&#8220;off&#8220; button_one_border_width__hover=&#8220;null&#8220; button_two_border_width__hover_enabled=&#8220;off&#8220; button_two_border_width__hover=&#8220;null&#8220; button_border_color__hover_enabled=&#8220;off&#8220; button_border_color__hover=&#8220;null&#8220; button_one_border_color__hover_enabled=&#8220;off&#8220; button_one_border_color__hover=&#8220;null&#8220; button_two_border_color__hover_enabled=&#8220;off&#8220; button_two_border_color__hover=&#8220;null&#8220; button_border_radius__hover_enabled=&#8220;off&#8220; button_border_radius__hover=&#8220;null&#8220; button_one_border_radius__hover_enabled=&#8220;off&#8220; button_one_border_radius__hover=&#8220;null&#8220; button_two_border_radius__hover_enabled=&#8220;off&#8220; button_two_border_radius__hover=&#8220;null&#8220; button_letter_spacing__hover_enabled=&#8220;off&#8220; button_letter_spacing__hover=&#8220;null&#8220; button_one_letter_spacing__hover_enabled=&#8220;off&#8220; button_one_letter_spacing__hover=&#8220;null&#8220; button_two_letter_spacing__hover_enabled=&#8220;off&#8220; button_two_letter_spacing__hover=&#8220;null&#8220; button_bg_color__hover_enabled=&#8220;off&#8220; button_bg_color__hover=&#8220;null&#8220; button_one_bg_color__hover_enabled=&#8220;off&#8220; button_one_bg_color__hover=&#8220;null&#8220; button_two_bg_color__hover_enabled=&#8220;off&#8220; button_two_bg_color__hover=&#8220;null&#8220;][et_pb_slide heading=&#8220;Wir suchen Menschen&#8220; use_bg_overlay=&#8220;off&#8220; use_text_overlay=&#8220;off&#8220; alignment=&#8220;bottom&#8220; admin_title=&#8220;Wir suchen Menschen&#8220; _builder_version=&#8220;4.27.4&#8243; header_font=&#8220;||||&#8220; body_font=&#8220;||||&#8220; background_color=&#8220;#ffffff&#8220; background_image=&#8220;https:\/\/hedo.ee\/wp-content\/uploads\/2024\/12\/photo_2024-12-19_21-32-40.jpg&#8220; background_enable_image=&#8220;on&#8220; button_icon_placement=&#8220;right&#8220; button_on_hover=&#8220;on&#8220; header_font_size_tablet=&#8220;&#8220; header_font_size_phone=&#8220;40px&#8220; header_font_size_last_edited=&#8220;on|phone&#8220; global_colors_info=&#8220;{}&#8220; button_text_size__hover_enabled=&#8220;off&#8220; button_one_text_size__hover_enabled=&#8220;off&#8220; button_two_text_size__hover_enabled=&#8220;off&#8220; button_text_color__hover_enabled=&#8220;off&#8220; button_one_text_color__hover_enabled=&#8220;off&#8220; button_two_text_color__hover_enabled=&#8220;off&#8220; button_border_width__hover_enabled=&#8220;off&#8220; button_one_border_width__hover_enabled=&#8220;off&#8220; button_two_border_width__hover_enabled=&#8220;off&#8220; button_border_color__hover_enabled=&#8220;off&#8220; button_one_border_color__hover_enabled=&#8220;off&#8220; button_two_border_color__hover_enabled=&#8220;off&#8220; button_border_radius__hover_enabled=&#8220;off&#8220; button_one_border_radius__hover_enabled=&#8220;off&#8220; button_two_border_radius__hover_enabled=&#8220;off&#8220; button_letter_spacing__hover_enabled=&#8220;off&#8220; button_one_letter_spacing__hover_enabled=&#8220;off&#8220; button_two_letter_spacing__hover_enabled=&#8220;off&#8220; button_bg_color__hover_enabled=&#8220;off&#8220; button_one_bg_color__hover_enabled=&#8220;off&#8220; button_two_bg_color__hover_enabled=&#8220;off&#8220; sticky_transition=&#8220;on&#8220;][\/et_pb_slide][\/et_pb_fullwidth_slider][\/et_pb_section][et_pb_section fb_built=&#8220;1&#8243; _builder_version=&#8220;4.16&#8243; custom_padding=&#8220;36px|0px|54px|0px|false|false&#8220; global_colors_info=&#8220;{}&#8220;][et_pb_row _builder_version=&#8220;4.16&#8243; background_size=&#8220;initial&#8220; background_position=&#8220;top_left&#8220; background_repeat=&#8220;repeat&#8220; global_colors_info=&#8220;{}&#8220;][et_pb_column type=&#8220;4_4&#8243; _builder_version=&#8220;4.16&#8243; custom_padding=&#8220;|||&#8220; global_colors_info=&#8220;{}&#8220; custom_padding__hover=&#8220;|||&#8220;][et_pb_team_member name=&#8220;Wir suchen Menschen&#8220; image_url=&#8220;https:\/\/hedo.ee\/wp-content\/uploads\/2024\/12\/photo_2024-12-19_21-32-41.jpg&#8220; admin_label=&#8220;Wir suchen Menschen&#8220; _builder_version=&#8220;4.27.4&#8243; background_color=&#8220;#ffffff&#8220; custom_padding=&#8220;24px|24px|24px|24px&#8220; hover_enabled=&#8220;0&#8243; box_shadow_style=&#8220;preset1&#8243; box_shadow_style_image=&#8220;preset1&#8243; global_colors_info=&#8220;{}&#8220; sticky_enabled=&#8220;0&#8243;]<\/p>\n<p>Wir suchen f\u00fcr den Zeitraum vom 1. April bis zum 30. September 2026 Menschen, die Zeit haben, uns und unser Projekt in Estland zu unterst\u00fctzen.<br \/>Wir betreiben in den Sommermonaten einen kleinen Naturcampingplatz namens Hedo (hedo.ee), welcher in wunderbarer Natur und Ruhe gelegen ist. Diesen Platz wollen wir zuk\u00fcnftig erweitern und zus\u00e4tzlich zum Camping einen Begegnungsort der Liebe schaffen. Ein altes Bauernhaus darf aus dem Schlaf gek\u00fcsst und in ein Seminarhaus verwandelt werden. Hedo soll zu einem Ort des Austausches, der Liebe und der Heilung werden.<br \/>Wir beginnen im kommenden Fr\u00fchjahr mit dem Bau eines Tiny Houses, in dem wir dann auch den Winter dort erleben k\u00f6nnen.<br \/>Mit vielen H\u00e4nden und gemeinschaftlich k\u00f6nnen wir einiges schaffen und bewegen. Deshalb freuen wir uns auf Menschen, die Lust haben, uns mit Rat und Tat zu unterst\u00fctzen und f\u00fcr eine Weile Teil unserer kleinen Gemeinschaft zu werden.<br \/>Ein respektvoller und ehrlicher Umgang miteinander ist uns wichtig. Wir w\u00fcnschen uns neugierige Menschen, die bereit sind, sich selbst zu reflektieren und offen sind f\u00fcr pers\u00f6nliche Weiterentwicklung.<br \/>Ihr k\u00f6nnt euch in verschiedenen Bereichen einbringen, zum Beispiel beim Bau des Tiny Houses, im Garten, im Campingbetrieb, in der K\u00fcche, in der Pflege des Platzes oder beim B\u00e4ume f\u00e4llen und Feuerholz machen. Eigene Ideen und Impulse sind willkommen.<br \/>Zwischendrin gibt es auch Zeitr\u00e4ume, in denen wir nicht am Ort sind und Menschen brauchen, die sich um unseren Campingplatz k\u00fcmmern.<br \/>Nebenbei k\u00f6nnt ihr dieses wundersch\u00f6ne Land und seine Bewohner kennenlernen.<br \/>Wir bieten euch einen Platz f\u00fcr euer Zelt oder euren Bus und Verpflegung an, und w\u00fcnschen uns daf\u00fcr 4-5 Stunden Arbeit am Tag. F\u00fcr andere Tauschvarianten sind wir auch offen.<br \/>Wenn ihr euch gerufen f\u00fchlt, dann meldet euch gerne bei uns .<\/p>\n<p>summer-in@hedo.ee<br \/>Sybille +491791070140<br \/>Kay +4915159122337<\/p>\n<p>Liebe Gr\u00fc\u00dfe Sybille und Kay<\/p>\n<p>[\/et_pb_team_member][\/et_pb_column][\/et_pb_row][et_pb_row _builder_version=&#8220;4.16&#8243; background_color=&#8220;rgba(0,0,0,0)&#8220; custom_margin=&#8220;40px||||false|false&#8220; global_colors_info=&#8220;{}&#8220;][et_pb_column type=&#8220;4_4&#8243; _builder_version=&#8220;4.16&#8243; global_colors_info=&#8220;{}&#8220;][et_pb_gallery gallery_ids=&#8220;871,877,880,883,886,889,892,895,898,901,904,907,910,913,916,919,922,925,928,931,934,937,940,943,946,949,952,1325,1322,1319,1316,1313,1310,1307,1304,1301,1298,1280,1277,1274,1271,1268&#8243; gallery_orderby=&#8220;rand&#8220; posts_number=&#8220;8&#8243; show_title_and_caption=&#8220;off&#8220; show_pagination=&#8220;off&#8220; _builder_version=&#8220;4.25.1&#8243; custom_padding=&#8220;||||false|false&#8220; box_shadow_style_image=&#8220;preset1&#8243; global_colors_info=&#8220;{}&#8220;][\/et_pb_gallery][\/et_pb_column][\/et_pb_row][\/et_pb_section][et_pb_section fb_built=&#8220;1&#8243; _builder_version=&#8220;4.16&#8243; custom_padding=&#8220;0px|0px|54px|0px&#8220; global_colors_info=&#8220;{}&#8220;][et_pb_row column_structure=&#8220;1_4,1_4,1_4,1_4&#8243; _builder_version=&#8220;4.16&#8243; background_size=&#8220;initial&#8220; background_position=&#8220;top_left&#8220; background_repeat=&#8220;repeat&#8220; global_colors_info=&#8220;{}&#8220;][et_pb_column type=&#8220;1_4&#8243; _builder_version=&#8220;4.16&#8243; custom_padding=&#8220;|||&#8220; global_colors_info=&#8220;{}&#8220; custom_padding__hover=&#8220;|||&#8220;][et_pb_blurb title=&#8220;Klima&#8220; use_icon=&#8220;on&#8220; font_icon=&#8220;&#x50;||divi||400&#8243; icon_color=&#8220;rgba(0,0,0,0.51)&#8220; admin_label=&#8220;Klima&#8220; _builder_version=&#8220;4.25.1&#8243; header_font=&#8220;|on|||&#8220; text_orientation=&#8220;center&#8220; global_colors_info=&#8220;{}&#8220;]<\/p>\n<p>Eigener Solarstrom<\/p>\n<p>[\/et_pb_blurb][et_pb_blurb title=&#8220;Natur&#8220; use_icon=&#8220;on&#8220; font_icon=&#8220;&#x50;||divi||400&#8243; icon_color=&#8220;rgba(0,0,0,0.51)&#8220; admin_label=&#8220;Natur&#8220; _builder_version=&#8220;4.25.1&#8243; header_font=&#8220;|on|||&#8220; text_orientation=&#8220;center&#8220; global_colors_info=&#8220;{}&#8220;]<\/p>\n<p>Naturcampingplatz<\/p>\n<p>[\/et_pb_blurb][et_pb_blurb title=&#8220;Kartenzahlung&#8220; use_icon=&#8220;on&#8220; font_icon=&#8220;&#x50;||divi||400&#8243; icon_color=&#8220;rgba(0,0,0,0.51)&#8220; admin_label=&#8220;Kartenzahlung&#8220; _builder_version=&#8220;4.25.1&#8243; header_font=&#8220;|on|||&#8220; text_orientation=&#8220;center&#8220; global_colors_info=&#8220;{}&#8220;]<\/p>\n<p>Kartenzahlung m\u00f6glich<\/p>\n<p>[\/et_pb_blurb][\/et_pb_column][et_pb_column type=&#8220;1_4&#8243; _builder_version=&#8220;4.16&#8243; custom_padding=&#8220;|||&#8220; global_colors_info=&#8220;{}&#8220; custom_padding__hover=&#8220;|||&#8220;][et_pb_blurb title=&#8220;Duschen&#8220; use_icon=&#8220;on&#8220; font_icon=&#8220;&#x50;||divi||400&#8243; icon_color=&#8220;rgba(0,0,0,0.51)&#8220; admin_label=&#8220;Duschen&#8220; _builder_version=&#8220;4.16&#8243; header_font=&#8220;|on|||&#8220; text_orientation=&#8220;center&#8220; global_colors_info=&#8220;{}&#8220;]<\/p>\n<p>Warme Duschen<\/p>\n<p>[\/et_pb_blurb][et_pb_blurb title=&#8220;Wasser&#8220; use_icon=&#8220;on&#8220; font_icon=&#8220;&#x50;||divi||400&#8243; icon_color=&#8220;rgba(0,0,0,0.51)&#8220; admin_label=&#8220;Wasser&#8220; _builder_version=&#8220;4.25.1&#8243; header_font=&#8220;|on|||&#8220; text_orientation=&#8220;center&#8220; global_colors_info=&#8220;{}&#8220;]<\/p>\n<p>Weiches Brunnenwasser<\/p>\n<p>[\/et_pb_blurb][et_pb_blurb title=&#8220;Kunst&#8220; use_icon=&#8220;on&#8220; font_icon=&#8220;&#x50;||divi||400&#8243; icon_color=&#8220;rgba(0,0,0,0.51)&#8220; admin_label=&#8220;Kunst&#8220; _builder_version=&#8220;4.25.2&#8243; header_font=&#8220;|on|||&#8220; text_orientation=&#8220;center&#8220; global_colors_info=&#8220;{}&#8220;]<\/p>\n<p>Skulpturengarten<\/p>\n<p>[\/et_pb_blurb][\/et_pb_column][et_pb_column type=&#8220;1_4&#8243; _builder_version=&#8220;4.16&#8243; custom_padding=&#8220;|||&#8220; global_colors_info=&#8220;{}&#8220; custom_padding__hover=&#8220;|||&#8220;][et_pb_blurb title=&#8220;K\u00fcche&#8220; use_icon=&#8220;on&#8220; font_icon=&#8220;&#x50;||divi||400&#8243; icon_color=&#8220;rgba(0,0,0,0.51)&#8220; admin_label=&#8220;K\u00fcche&#8220; _builder_version=&#8220;4.25.1&#8243; header_font=&#8220;|on|||&#8220; text_orientation=&#8220;center&#8220; global_colors_info=&#8220;{}&#8220;]<\/p>\n<p>Gemeinschaftsk\u00fcche<\/p>\n<p>[\/et_pb_blurb][et_pb_blurb title=&#8220;Nachhaltig&#8220; use_icon=&#8220;on&#8220; font_icon=&#8220;&#x50;||divi||400&#8243; icon_color=&#8220;rgba(0,0,0,0.51)&#8220; admin_label=&#8220;Nachhaltig Kompost&#8220; _builder_version=&#8220;4.25.1&#8243; header_font=&#8220;|on|||&#8220; text_orientation=&#8220;center&#8220; global_colors_info=&#8220;{}&#8220;]<\/p>\n<p>Moderne Trennkomposttoilette<\/p>\n<p>[\/et_pb_blurb][\/et_pb_column][et_pb_column type=&#8220;1_4&#8243; _builder_version=&#8220;4.16&#8243; custom_padding=&#8220;|||&#8220; global_colors_info=&#8220;{}&#8220; custom_padding__hover=&#8220;|||&#8220;][et_pb_blurb title=&#8220;WLAN&#8220; use_icon=&#8220;on&#8220; font_icon=&#8220;&#x50;||divi||400&#8243; icon_color=&#8220;rgba(0,0,0,0.51)&#8220; admin_label=&#8220;WLAN&#8220; _builder_version=&#8220;4.25.1&#8243; header_font=&#8220;|on|||&#8220; text_orientation=&#8220;center&#8220; global_colors_info=&#8220;{}&#8220;]<\/p>\n<p>Schnelles und freies WLAN<\/p>\n<p>[\/et_pb_blurb][et_pb_blurb title=&#8220;Geschichte&#8220; use_icon=&#8220;on&#8220; font_icon=&#8220;&#x50;||divi||400&#8243; icon_color=&#8220;rgba(0,0,0,0.51)&#8220; admin_label=&#8220;Geschichte&#8220; _builder_version=&#8220;4.25.1&#8243; header_font=&#8220;|on|||&#8220; text_orientation=&#8220;center&#8220; global_colors_info=&#8220;{}&#8220;]<\/p>\n<p>Familienbesitz meiner Vorfahren<\/p>\n<p>[\/et_pb_blurb][\/et_pb_column][\/et_pb_row][\/et_pb_section][et_pb_section fb_built=&#8220;1&#8243; _builder_version=&#8220;4.16&#8243; background_color=&#8220;#000000&#8243; global_colors_info=&#8220;{}&#8220;][et_pb_row _builder_version=&#8220;4.16&#8243; background_size=&#8220;initial&#8220; background_position=&#8220;top_left&#8220; background_repeat=&#8220;repeat&#8220; global_colors_info=&#8220;{}&#8220;][et_pb_column type=&#8220;4_4&#8243; _builder_version=&#8220;4.16&#8243; custom_padding=&#8220;|||&#8220; global_colors_info=&#8220;{}&#8220; custom_padding__hover=&#8220;|||&#8220;][et_pb_text _builder_version=&#8220;4.27.4&#8243; background_layout=&#8220;dark&#8220; module_alignment=&#8220;left&#8220; hover_enabled=&#8220;0&#8243; border_style=&#8220;solid&#8220; global_colors_info=&#8220;{}&#8220; sticky_enabled=&#8220;0&#8243;]<\/p>\n<ul>\n<li style=\"text-align: left;\">Der Hedo talu Campinplatz ist vom 15. April bis zum 15. September ge\u00f6ffnet.<\/li>\n<li>Hedo, Roosiku k\u00fcla, Antsla vald,\u00a0 66306 V\u00f5rumaa<\/li>\n<li>+49 151 59122337, post@hedo.ee<\/li>\n<li style=\"text-align: left;\">Firmennummer: 12399496<\/li>\n<li style=\"text-align: left;\">Umsatzsteuernummer: EE101602912<\/li>\n<li style=\"text-align: left;\">Koordinaten: 57\u00b044&#8217;43.41&#8243;N 26\u00b042&#8217;42.44&#8243;E<\/li>\n<li><a href=\"https:\/\/goo.gl\/maps\/tp77kqFKTrp\">Google maps<\/a><\/li>\n<li>N\u00e4chste Bushaltestelle: &#8222;Roosiku&#8220;<\/li>\n<\/ul>\n<p>[\/et_pb_text][\/et_pb_column][\/et_pb_row][\/et_pb_section]<\/p>\n","protected":false},"excerpt":{"rendered":"<p>Wir suchen f\u00fcr den Zeitraum vom 1. April bis zum 30. September 2026 Menschen, die Zeit haben, uns und unser Projekt in Estland zu unterst\u00fctzen.Wir betreiben in den Sommermonaten einen kleinen Naturcampingplatz namens Hedo (hedo.ee), welcher in wunderbarer Natur und Ruhe gelegen ist. Diesen Platz wollen wir zuk\u00fcnftig erweitern und zus\u00e4tzlich zum Camping einen Begegnungsort [&hellip;]<\/p>\n","protected":false},"author":3,"featured_media":0,"parent":0,"menu_order":0,"comment_status":"closed","ping_status":"closed","template":"","meta":{"_et_pb_use_builder":"on","_et_pb_old_content":"","_et_gb_content_width":"","footnotes":""},"class_list":["post-1373","page","type-page","status-publish","hentry"],"yoast_head":"<!-- This site is optimized with the Yoast SEO plugin v27.4 - https:\/\/yoast.com\/product\/yoast-seo-wordpress\/ -->\n<title>Wir suchen Menschen - Hedo talu Camping<\/title>\n<meta name=\"robots\" content=\"index, follow, max-snippet:-1, max-image-preview:large, max-video-preview:-1\" \/>\n<link rel=\"canonical\" href=\"https:\/\/hedo.ee\/de\/wir-suchen-menschen\/\" \/>\n<meta property=\"og:locale\" content=\"de_DE\" \/>\n<meta property=\"og:type\" content=\"article\" \/>\n<meta property=\"og:title\" content=\"Wir suchen Menschen - Hedo talu Camping\" \/>\n<meta property=\"og:description\" content=\"Wir suchen f\u00fcr den Zeitraum vom 1. April bis zum 30. September 2026 Menschen, die Zeit haben, uns und unser Projekt in Estland zu unterst\u00fctzen.Wir betreiben in den Sommermonaten einen kleinen Naturcampingplatz namens Hedo (hedo.ee), welcher in wunderbarer Natur und Ruhe gelegen ist. Diesen Platz wollen wir zuk\u00fcnftig erweitern und zus\u00e4tzlich zum Camping einen Begegnungsort [&hellip;]\" \/>\n<meta property=\"og:url\" content=\"https:\/\/hedo.ee\/de\/wir-suchen-menschen\/\" \/>\n<meta property=\"og:site_name\" content=\"Hedo talu Camping\" \/>\n<meta property=\"article:publisher\" content=\"http:\/\/facebook.com\/hedotalu\" \/>\n<meta property=\"article:modified_time\" content=\"2025-10-01T13:30:05+00:00\" \/>\n<meta name=\"twitter:card\" content=\"summary_large_image\" \/>\n<meta name=\"twitter:label1\" content=\"Gesch\u00e4tzte Lesezeit\" \/>\n\t<meta name=\"twitter:data1\" content=\"11\u00a0Minuten\" \/>\n<script type=\"application\/ld+json\" class=\"yoast-schema-graph\">{\"@context\":\"https:\\\/\\\/schema.org\",\"@graph\":[{\"@type\":\"WebPage\",\"@id\":\"https:\\\/\\\/hedo.ee\\\/de\\\/wir-suchen-menschen\\\/\",\"url\":\"https:\\\/\\\/hedo.ee\\\/de\\\/wir-suchen-menschen\\\/\",\"name\":\"Wir suchen Menschen - Hedo talu Camping\",\"isPartOf\":{\"@id\":\"https:\\\/\\\/hedo.ee\\\/#website\"},\"datePublished\":\"2024-12-20T08:04:00+00:00\",\"dateModified\":\"2025-10-01T13:30:05+00:00\",\"breadcrumb\":{\"@id\":\"https:\\\/\\\/hedo.ee\\\/de\\\/wir-suchen-menschen\\\/#breadcrumb\"},\"inLanguage\":\"de\",\"potentialAction\":[{\"@type\":\"ReadAction\",\"target\":[\"https:\\\/\\\/hedo.ee\\\/de\\\/wir-suchen-menschen\\\/\"]}]},{\"@type\":\"BreadcrumbList\",\"@id\":\"https:\\\/\\\/hedo.ee\\\/de\\\/wir-suchen-menschen\\\/#breadcrumb\",\"itemListElement\":[{\"@type\":\"ListItem\",\"position\":1,\"name\":\"Home\",\"item\":\"https:\\\/\\\/hedo.ee\\\/de\\\/\"},{\"@type\":\"ListItem\",\"position\":2,\"name\":\"Wir suchen Menschen\"}]},{\"@type\":\"WebSite\",\"@id\":\"https:\\\/\\\/hedo.ee\\\/#website\",\"url\":\"https:\\\/\\\/hedo.ee\\\/\",\"name\":\"Hedo talu Camping\",\"description\":\"Hedo talu Camping\",\"potentialAction\":[{\"@type\":\"SearchAction\",\"target\":{\"@type\":\"EntryPoint\",\"urlTemplate\":\"https:\\\/\\\/hedo.ee\\\/?s={search_term_string}\"},\"query-input\":{\"@type\":\"PropertyValueSpecification\",\"valueRequired\":true,\"valueName\":\"search_term_string\"}}],\"inLanguage\":\"de\"}]}<\/script>\n<!-- \/ Yoast SEO plugin. -->","yoast_head_json":{"title":"Wir suchen Menschen - Hedo talu Camping","robots":{"index":"index","follow":"follow","max-snippet":"max-snippet:-1","max-image-preview":"max-image-preview:large","max-video-preview":"max-video-preview:-1"},"canonical":"https:\/\/hedo.ee\/de\/wir-suchen-menschen\/","og_locale":"de_DE","og_type":"article","og_title":"Wir suchen Menschen - Hedo talu Camping","og_description":"Wir suchen f\u00fcr den Zeitraum vom 1. April bis zum 30. September 2026 Menschen, die Zeit haben, uns und unser Projekt in Estland zu unterst\u00fctzen.Wir betreiben in den Sommermonaten einen kleinen Naturcampingplatz namens Hedo (hedo.ee), welcher in wunderbarer Natur und Ruhe gelegen ist. Diesen Platz wollen wir zuk\u00fcnftig erweitern und zus\u00e4tzlich zum Camping einen Begegnungsort [&hellip;]","og_url":"https:\/\/hedo.ee\/de\/wir-suchen-menschen\/","og_site_name":"Hedo talu Camping","article_publisher":"http:\/\/facebook.com\/hedotalu","article_modified_time":"2025-10-01T13:30:05+00:00","twitter_card":"summary_large_image","twitter_misc":{"Gesch\u00e4tzte Lesezeit":"11\u00a0Minuten"},"schema":{"@context":"https:\/\/schema.org","@graph":[{"@type":"WebPage","@id":"https:\/\/hedo.ee\/de\/wir-suchen-menschen\/","url":"https:\/\/hedo.ee\/de\/wir-suchen-menschen\/","name":"Wir suchen Menschen - Hedo talu Camping","isPartOf":{"@id":"https:\/\/hedo.ee\/#website"},"datePublished":"2024-12-20T08:04:00+00:00","dateModified":"2025-10-01T13:30:05+00:00","breadcrumb":{"@id":"https:\/\/hedo.ee\/de\/wir-suchen-menschen\/#breadcrumb"},"inLanguage":"de","potentialAction":[{"@type":"ReadAction","target":["https:\/\/hedo.ee\/de\/wir-suchen-menschen\/"]}]},{"@type":"BreadcrumbList","@id":"https:\/\/hedo.ee\/de\/wir-suchen-menschen\/#breadcrumb","itemListElement":[{"@type":"ListItem","position":1,"name":"Home","item":"https:\/\/hedo.ee\/de\/"},{"@type":"ListItem","position":2,"name":"Wir suchen Menschen"}]},{"@type":"WebSite","@id":"https:\/\/hedo.ee\/#website","url":"https:\/\/hedo.ee\/","name":"Hedo talu Camping","description":"Hedo talu Camping","potentialAction":[{"@type":"SearchAction","target":{"@type":"EntryPoint","urlTemplate":"https:\/\/hedo.ee\/?s={search_term_string}"},"query-input":{"@type":"PropertyValueSpecification","valueRequired":true,"valueName":"search_term_string"}}],"inLanguage":"de"}]}},"_links":{"self":[{"href":"https:\/\/hedo.ee\/de\/wp-json\/wp\/v2\/pages\/1373","targetHints":{"allow":["GET"]}}],"collection":[{"href":"https:\/\/hedo.ee\/de\/wp-json\/wp\/v2\/pages"}],"about":[{"href":"https:\/\/hedo.ee\/de\/wp-json\/wp\/v2\/types\/page"}],"author":[{"embeddable":true,"href":"https:\/\/hedo.ee\/de\/wp-json\/wp\/v2\/users\/3"}],"replies":[{"embeddable":true,"href":"https:\/\/hedo.ee\/de\/wp-json\/wp\/v2\/comments?post=1373"}],"version-history":[{"count":10,"href":"https:\/\/hedo.ee\/de\/wp-json\/wp\/v2\/pages\/1373\/revisions"}],"predecessor-version":[{"id":1467,"href":"https:\/\/hedo.ee\/de\/wp-json\/wp\/v2\/pages\/1373\/revisions\/1467"}],"wp:attachment":[{"href":"https:\/\/hedo.ee\/de\/wp-json\/wp\/v2\/media?parent=1373"}],"curies":[{"name":"wp","href":"https:\/\/api.w.org\/{rel}","templated":true}]}}